{"id":2639,"date":"2023-03-03T15:12:21","date_gmt":"2023-03-03T18:12:21","guid":{"rendered":"https:\/\/www.deltamoveis.com.br\/site\/?post_type=product&#038;p=2639"},"modified":"2023-03-14T15:29:43","modified_gmt":"2023-03-14T18:29:43","slug":"conjunto-trapezio","status":"publish","type":"product","link":"https:\/\/www.deltamoveis.com.br\/site\/produto\/conjunto-trapezio\/","title":{"rendered":"CONJUNTO TRAP\u00c9ZIO"},"content":{"rendered":"<p><strong>Conjunto Trap\u00e9zio<\/strong><\/p>\n<p>Esse conjunto \u00e9 o nosso mimo, feito para o<strong> ensino maternal e infantil<\/strong>, ele \u00e9 e<strong>spa\u00e7oso<\/strong> e permite v\u00e1rios layouts para estudos.<\/p>\n<p>Al\u00e9m de compor <strong>cores lindas<\/strong>, nosso conjunto traz mais<strong> intera\u00e7\u00e3o na hora da aula<\/strong>, podendo ficar no modo circular ou individual.<\/p>\n<p>Nossa cadeira foi projetada para a crian\u00e7a se <strong>sentir confort\u00e1vel e segura<\/strong>, podendo p\u00f4r os dois p\u00e9s no ch\u00e3o.<\/p>\n<p>Al\u00e9m disso, a cadeira foi pensada em rela\u00e7\u00e3o \u00e0<strong> postura corporal<\/strong>, eximindo a crian\u00e7a de futuros problemas.<\/p>\n<p>Entendemos que o desenvolvimento \u00e9 o ponto <strong>crucial<\/strong> para a crian\u00e7a, sendo assim, nosso conjunto trap\u00e9zio, traz todo <strong>benef\u00edcio para o melhor aprendizado<\/strong> dos alunos.<\/p>\n<ul>\n<li>Maior estabilidade<\/li>\n<li>Conforto<\/li>\n<li>V\u00e1rios layouts<\/li>\n<li>V\u00e1rias cores<\/li>\n<\/ul>\n","protected":false},"excerpt":{"rendered":"<p>Conjunto Trap\u00e9zio Esse conjunto \u00e9 o nosso mimo, feito para o ensino maternal e infantil, ele \u00e9 espa\u00e7oso e permite v\u00e1rios layouts para estudos. Al\u00e9m de compor cores lindas, nosso conjunto traz mais intera\u00e7\u00e3o na hora da aula, podendo ficar no modo circular ou individual. Nossa cadeira foi projetada para a crian\u00e7a se sentir confort\u00e1vel [&hellip;]<\/p>\n","protected":false},"featured_media":2640,"template":"","meta":{"om_disable_all_campaigns":false},"product_cat":[44,26],"product_tag":[],"class_list":{"0":"post-2639","1":"product","2":"type-product","3":"status-publish","4":"has-post-thumbnail","6":"product_cat-conjunto","7":"product_cat-escolares","9":"first","10":"instock","11":"shipping-taxable","12":"purchasable","13":"product-type-variable"},"acf":[],"aioseo_notices":[],"_links":{"self":[{"href":"https:\/\/www.deltamoveis.com.br\/site\/wp-json\/wp\/v2\/product\/2639","targetHints":{"allow":["GET"]}}],"collection":[{"href":"https:\/\/www.deltamoveis.com.br\/site\/wp-json\/wp\/v2\/product"}],"about":[{"href":"https:\/\/www.deltamoveis.com.br\/site\/wp-json\/wp\/v2\/types\/product"}],"wp:featuredmedia":[{"embeddable":true,"href":"https:\/\/www.deltamoveis.com.br\/site\/wp-json\/wp\/v2\/media\/2640"}],"wp:attachment":[{"href":"https:\/\/www.deltamoveis.com.br\/site\/wp-json\/wp\/v2\/media?parent=2639"}],"wp:term":[{"taxonomy":"product_cat","embeddable":true,"href":"https:\/\/www.deltamoveis.com.br\/site\/wp-json\/wp\/v2\/product_cat?post=2639"},{"taxonomy":"product_tag","embeddable":true,"href":"https:\/\/www.deltamoveis.com.br\/site\/wp-json\/wp\/v2\/product_tag?post=2639"}],"curies":[{"name":"wp","href":"https:\/\/api.w.org\/{rel}","templated":true}]}}