{"id":2622,"date":"2023-03-03T15:45:57","date_gmt":"2023-03-03T18:45:57","guid":{"rendered":"https:\/\/www.deltamoveis.com.br\/site\/?post_type=product&#038;p=2622"},"modified":"2023-03-06T09:44:05","modified_gmt":"2023-03-06T12:44:05","slug":"poltrona-frontal","status":"publish","type":"product","link":"https:\/\/www.deltamoveis.com.br\/site\/produto\/poltrona-frontal\/","title":{"rendered":"POLTRONA FRONTAL"},"content":{"rendered":"<p><strong>Poltrona Frontal<\/strong><\/p>\n<p>A poltrona frontal, vem com um novo <strong>design sofisticado<\/strong> para proporcionar o conforto dos alunos na hora de estudar.<\/p>\n<p>Com seu tampo <strong>espa\u00e7oso\u00a0<\/strong>possibilita<strong>\u00a0mais descanso para os bra\u00e7os\u00a0<\/strong>e uma <strong>escrita<\/strong> mais <strong>confort\u00e1vel.\u00a0<\/strong><\/p>\n<p>O encosto foi produzido pensando no <strong>alinhamento da coluna,<\/strong> para o aluno sentir-se seguro e aconchegado.<\/p>\n<p>A poltrona frontal possui\u00a0<strong>Porta l\u00e1pis e Porta copos,<\/strong> fazendo com que o aluno n\u00e3o precise levantar a todo momento, <strong>mantendo assim o foco na aula<\/strong>.<\/p>\n<p>Al\u00e9m disso, nosso <strong>Porta livro<\/strong> traz maior facilidade para o aluno e <strong>conveni\u00eancia\u00a0<\/strong>ao deixar seus livros bem <strong>guardados<\/strong>.<\/p>\n<p>E fechando com chave de ouro, o nosso <strong>Porta mochilas, <\/strong>foi criado para o aluno n\u00e3o deixar a sua mochila no ch\u00e3o, <strong>evitando suj\u00e1-la<\/strong> e ocupando menos <strong>espa\u00e7o<\/strong> na sala de aula.<\/p>\n<p>Nossa cadeira foi pensada para deixar sua sala mais <strong>organizada, <\/strong>com\u00a0<strong>cores vivas<\/strong>, para alegrar o ambiente escolar e dar todo conforto para os alunos.<\/p>\n<ul>\n<li>Porta Livros<\/li>\n<li>Porta L\u00e1pis<\/li>\n<li>Porta Copos<\/li>\n<li>Porta Mochilas<\/li>\n<\/ul>\n","protected":false},"excerpt":{"rendered":"<p>Poltrona Frontal A poltrona frontal, vem com um novo design sofisticado para proporcionar o conforto dos alunos na hora de estudar. Com seu tampo espa\u00e7oso\u00a0possibilita\u00a0mais descanso para os bra\u00e7os\u00a0e uma escrita mais confort\u00e1vel.\u00a0 O encosto foi produzido pensando no alinhamento da coluna, para o aluno sentir-se seguro e aconchegado. A poltrona frontal possui\u00a0Porta l\u00e1pis e [&hellip;]<\/p>\n","protected":false},"featured_media":2623,"template":"","meta":{"om_disable_all_campaigns":false},"product_cat":[54,26],"product_tag":[],"class_list":{"0":"post-2622","1":"product","2":"type-product","3":"status-publish","4":"has-post-thumbnail","6":"product_cat-assentos","7":"product_cat-escolares","9":"first","10":"instock","11":"shipping-taxable","12":"purchasable","13":"product-type-variable"},"acf":[],"aioseo_notices":[],"_links":{"self":[{"href":"https:\/\/www.deltamoveis.com.br\/site\/wp-json\/wp\/v2\/product\/2622","targetHints":{"allow":["GET"]}}],"collection":[{"href":"https:\/\/www.deltamoveis.com.br\/site\/wp-json\/wp\/v2\/product"}],"about":[{"href":"https:\/\/www.deltamoveis.com.br\/site\/wp-json\/wp\/v2\/types\/product"}],"wp:featuredmedia":[{"embeddable":true,"href":"https:\/\/www.deltamoveis.com.br\/site\/wp-json\/wp\/v2\/media\/2623"}],"wp:attachment":[{"href":"https:\/\/www.deltamoveis.com.br\/site\/wp-json\/wp\/v2\/media?parent=2622"}],"wp:term":[{"taxonomy":"product_cat","embeddable":true,"href":"https:\/\/www.deltamoveis.com.br\/site\/wp-json\/wp\/v2\/product_cat?post=2622"},{"taxonomy":"product_tag","embeddable":true,"href":"https:\/\/www.deltamoveis.com.br\/site\/wp-json\/wp\/v2\/product_tag?post=2622"}],"curies":[{"name":"wp","href":"https:\/\/api.w.org\/{rel}","templated":true}]}}