{"id":2601,"date":"2023-03-03T15:11:37","date_gmt":"2023-03-03T18:11:37","guid":{"rendered":"https:\/\/www.deltamoveis.com.br\/site\/?post_type=product&#038;p=2601"},"modified":"2023-03-14T09:04:34","modified_gmt":"2023-03-14T12:04:34","slug":"conjunto-hexagonal","status":"publish","type":"product","link":"https:\/\/www.deltamoveis.com.br\/site\/produto\/conjunto-hexagonal\/","title":{"rendered":"CONJUNTO HEXAGONAL"},"content":{"rendered":"<p><strong>Conjunto hexagonal\u00a0<\/strong><\/p>\n<p>O conjunto hexagonal traz uma <strong>dualidade de cor<\/strong> em seu tampo, trazendo <strong>op\u00e7\u00f5es\u00a0<\/strong>para sua biblioteca e sala de aula.<\/p>\n<p>Al\u00e9m disso, \u00e9 composto de 6 cadeiras com v\u00e1rias op\u00e7\u00f5es de cores<\/p>\n<p>Dispondo de espa\u00e7o, os alunos t\u00eam o conforto do conjunto hexagonal para estudar no mais <strong>alto n\u00edvel de qualidade<\/strong><\/p>\n<p>Nossas sapatas <strong>revestidas de pl\u00e1sticos<\/strong> n\u00e3o arranham o piso, dando mais <strong>estabilidade e seguran\u00e7a ao sentar na cadeira<\/strong><\/p>\n<p>Temos 4 tamanhos dispon\u00edveis,<strong> maternal, infantil, juvenil e adulto<\/strong>.<\/p>\n<p>Nosso conjunto hexagonal \u00e9 <strong>inovador, estiloso e confort\u00e1vel<\/strong>.<\/p>\n<ul>\n<li>Tampo espa\u00e7oso<\/li>\n<li>V\u00e1rias cores<\/li>\n<li>6 cadeiras<\/li>\n<li>Dualidade na escolha<\/li>\n<\/ul>\n","protected":false},"excerpt":{"rendered":"<p>Conjunto hexagonal\u00a0 O conjunto hexagonal traz uma dualidade de cor em seu tampo, trazendo op\u00e7\u00f5es\u00a0para sua biblioteca e sala de aula. Al\u00e9m disso, \u00e9 composto de 6 cadeiras com v\u00e1rias op\u00e7\u00f5es de cores Dispondo de espa\u00e7o, os alunos t\u00eam o conforto do conjunto hexagonal para estudar no mais alto n\u00edvel de qualidade Nossas sapatas revestidas [&hellip;]<\/p>\n","protected":false},"featured_media":2602,"template":"","meta":{"om_disable_all_campaigns":false},"product_cat":[44,26],"product_tag":[],"class_list":{"0":"post-2601","1":"product","2":"type-product","3":"status-publish","4":"has-post-thumbnail","6":"product_cat-conjunto","7":"product_cat-escolares","9":"first","10":"instock","11":"shipping-taxable","12":"purchasable","13":"product-type-variable"},"acf":[],"aioseo_notices":[],"_links":{"self":[{"href":"https:\/\/www.deltamoveis.com.br\/site\/wp-json\/wp\/v2\/product\/2601","targetHints":{"allow":["GET"]}}],"collection":[{"href":"https:\/\/www.deltamoveis.com.br\/site\/wp-json\/wp\/v2\/product"}],"about":[{"href":"https:\/\/www.deltamoveis.com.br\/site\/wp-json\/wp\/v2\/types\/product"}],"wp:featuredmedia":[{"embeddable":true,"href":"https:\/\/www.deltamoveis.com.br\/site\/wp-json\/wp\/v2\/media\/2602"}],"wp:attachment":[{"href":"https:\/\/www.deltamoveis.com.br\/site\/wp-json\/wp\/v2\/media?parent=2601"}],"wp:term":[{"taxonomy":"product_cat","embeddable":true,"href":"https:\/\/www.deltamoveis.com.br\/site\/wp-json\/wp\/v2\/product_cat?post=2601"},{"taxonomy":"product_tag","embeddable":true,"href":"https:\/\/www.deltamoveis.com.br\/site\/wp-json\/wp\/v2\/product_tag?post=2601"}],"curies":[{"name":"wp","href":"https:\/\/api.w.org\/{rel}","templated":true}]}}