{"id":2586,"date":"2023-03-03T14:37:15","date_gmt":"2023-03-03T17:37:15","guid":{"rendered":"https:\/\/www.deltamoveis.com.br\/site\/?post_type=product&#038;p=2586"},"modified":"2023-03-14T15:29:14","modified_gmt":"2023-03-14T18:29:14","slug":"conjunto-bitrapezio","status":"publish","type":"product","link":"https:\/\/www.deltamoveis.com.br\/site\/produto\/conjunto-bitrapezio\/","title":{"rendered":"CONJUNTO BITRAP\u00c9ZIO"},"content":{"rendered":"<p><strong>Conjunto Bitrap\u00e9zio<\/strong><\/p>\n<p>O nosso conjunto bitrap\u00e9zio, traz <strong>cor e organiza\u00e7\u00e3o<\/strong> para seu ambiente escolar<\/p>\n<p>Podendo escolher at\u00e9<strong> 3 tamanhos,<\/strong> atendendo do <strong>infantil ao adulto.<\/strong><\/p>\n<p>com sua <strong>superf\u00edcie espa\u00e7osa<\/strong>, ajuda o aluno a ter mais <strong>flexibilidade e estabilida<\/strong>de na hora do exerc\u00edcio<\/p>\n<p>Al\u00e9m disso, esse modelo conta, com o<strong> Porta livro abaixo do tampo<\/strong>, para que o aluno tenha mais <strong>facilidade de manuseio do seu material escolar<\/strong>, ao retirar-l\u00f3 ou guard\u00e1-lo.<\/p>\n<p>Nosso <strong>Porta L\u00e1pis <\/strong>para organiza\u00e7\u00e3o do material na mesa.<\/p>\n<p>Permite v\u00e1rios modos de <strong>arruma\u00e7\u00e3o<\/strong>, compondo o ambiente escolar da forma que<strong> escolher.<\/strong><\/p>\n<p>Nosso produto conta com<strong> qualidade e durabilidade<\/strong>, al\u00e9m de deixar seu ambiente escolar muito mais bonito.<\/p>\n<ul>\n<li>Porta &#8211; l\u00e1pis<\/li>\n<li>Porta &#8211; livros<\/li>\n<li>V\u00e1rias cores<\/li>\n<\/ul>\n<p>&nbsp;<\/p>\n","protected":false},"excerpt":{"rendered":"<p>Conjunto Bitrap\u00e9zio O nosso conjunto bitrap\u00e9zio, traz cor e organiza\u00e7\u00e3o para seu ambiente escolar Podendo escolher at\u00e9 3 tamanhos, atendendo do infantil ao adulto. com sua superf\u00edcie espa\u00e7osa, ajuda o aluno a ter mais flexibilidade e estabilidade na hora do exerc\u00edcio Al\u00e9m disso, esse modelo conta, com o Porta livro abaixo do tampo, para que [&hellip;]<\/p>\n","protected":false},"featured_media":2587,"template":"","meta":{"om_disable_all_campaigns":false},"product_cat":[56,26],"product_tag":[],"class_list":{"0":"post-2586","1":"product","2":"type-product","3":"status-publish","4":"has-post-thumbnail","6":"product_cat-conjuntos","7":"product_cat-escolares","9":"first","10":"instock","11":"shipping-taxable","12":"purchasable","13":"product-type-variable"},"acf":[],"aioseo_notices":[],"_links":{"self":[{"href":"https:\/\/www.deltamoveis.com.br\/site\/wp-json\/wp\/v2\/product\/2586","targetHints":{"allow":["GET"]}}],"collection":[{"href":"https:\/\/www.deltamoveis.com.br\/site\/wp-json\/wp\/v2\/product"}],"about":[{"href":"https:\/\/www.deltamoveis.com.br\/site\/wp-json\/wp\/v2\/types\/product"}],"wp:featuredmedia":[{"embeddable":true,"href":"https:\/\/www.deltamoveis.com.br\/site\/wp-json\/wp\/v2\/media\/2587"}],"wp:attachment":[{"href":"https:\/\/www.deltamoveis.com.br\/site\/wp-json\/wp\/v2\/media?parent=2586"}],"wp:term":[{"taxonomy":"product_cat","embeddable":true,"href":"https:\/\/www.deltamoveis.com.br\/site\/wp-json\/wp\/v2\/product_cat?post=2586"},{"taxonomy":"product_tag","embeddable":true,"href":"https:\/\/www.deltamoveis.com.br\/site\/wp-json\/wp\/v2\/product_tag?post=2586"}],"curies":[{"name":"wp","href":"https:\/\/api.w.org\/{rel}","templated":true}]}}