{"id":2467,"date":"2022-12-05T10:47:22","date_gmt":"2022-12-05T13:47:22","guid":{"rendered":"https:\/\/www.deltamoveis.com.br\/site?post_type=product&#038;p=2467"},"modified":"2023-03-14T15:32:58","modified_gmt":"2023-03-14T18:32:58","slug":"conjunto-merenda","status":"publish","type":"product","link":"https:\/\/www.deltamoveis.com.br\/site\/produto\/conjunto-merenda\/","title":{"rendered":"CONJUNTO MERENDA"},"content":{"rendered":"<p><strong>Conjunto merenda<\/strong><\/p>\n<p>Nosso conjunto merenda chegou para trazer muita <strong>praticidade e facilidade<\/strong> na hora de <strong>alimentar<\/strong> as crian\u00e7as;<\/p>\n<p>Al\u00e9m de <strong>cores lindas<\/strong>, trazemos muito <strong>conforto<\/strong> nas nossas cadeirinhas;<\/p>\n<p>A<strong> seguran\u00e7a<\/strong> n\u00e3o ficou de fora, junto as cadeirinhas v\u00eam o<strong> cinto de seguran\u00e7a<\/strong> para ajudar a <strong>proteger os pequenos;<\/strong><\/p>\n<p>A mesa vem com<strong> design pronto<\/strong>, para ajudar o funcion\u00e1rio a se<strong> mover com mais facilidade;<\/strong><\/p>\n<p>Temos mesas de<strong> 1 at\u00e9 4 cadeiras\u00a0<\/strong><\/p>\n<ul>\n<li>Cadeira confort\u00e1vel<\/li>\n<li>V\u00e1rias cores<\/li>\n<li>Cinto de seguran\u00e7a<\/li>\n<li>1 at\u00e9 4 cadeiras<\/li>\n<\/ul>\n<p>&nbsp;<\/p>\n<p>*CADEIRA GIRAT\u00d3RIA OPCIONAL<\/p>\n<p>&nbsp;<\/p>\n","protected":false},"excerpt":{"rendered":"<p>Conjunto merenda Nosso conjunto merenda chegou para trazer muita praticidade e facilidade na hora de alimentar as crian\u00e7as; Al\u00e9m de cores lindas, trazemos muito conforto nas nossas cadeirinhas; A seguran\u00e7a n\u00e3o ficou de fora, junto as cadeirinhas v\u00eam o cinto de seguran\u00e7a para ajudar a proteger os pequenos; A mesa vem com design pronto, para [&hellip;]<\/p>\n","protected":false},"featured_media":2585,"template":"","meta":{"om_disable_all_campaigns":false},"product_cat":[44,26],"product_tag":[],"class_list":{"0":"post-2467","1":"product","2":"type-product","3":"status-publish","4":"has-post-thumbnail","6":"product_cat-conjunto","7":"product_cat-escolares","9":"first","10":"instock","11":"shipping-taxable","12":"purchasable","13":"product-type-variable"},"acf":[],"aioseo_notices":[],"_links":{"self":[{"href":"https:\/\/www.deltamoveis.com.br\/site\/wp-json\/wp\/v2\/product\/2467","targetHints":{"allow":["GET"]}}],"collection":[{"href":"https:\/\/www.deltamoveis.com.br\/site\/wp-json\/wp\/v2\/product"}],"about":[{"href":"https:\/\/www.deltamoveis.com.br\/site\/wp-json\/wp\/v2\/types\/product"}],"wp:featuredmedia":[{"embeddable":true,"href":"https:\/\/www.deltamoveis.com.br\/site\/wp-json\/wp\/v2\/media\/2585"}],"wp:attachment":[{"href":"https:\/\/www.deltamoveis.com.br\/site\/wp-json\/wp\/v2\/media?parent=2467"}],"wp:term":[{"taxonomy":"product_cat","embeddable":true,"href":"https:\/\/www.deltamoveis.com.br\/site\/wp-json\/wp\/v2\/product_cat?post=2467"},{"taxonomy":"product_tag","embeddable":true,"href":"https:\/\/www.deltamoveis.com.br\/site\/wp-json\/wp\/v2\/product_tag?post=2467"}],"curies":[{"name":"wp","href":"https:\/\/api.w.org\/{rel}","templated":true}]}}