{"id":2449,"date":"2022-12-02T14:43:17","date_gmt":"2022-12-02T17:43:17","guid":{"rendered":"https:\/\/www.deltamoveis.com.br\/site?post_type=product&#038;p=2449"},"modified":"2023-03-14T15:33:35","modified_gmt":"2023-03-14T18:33:35","slug":"conjunto-refeitorio","status":"publish","type":"product","link":"https:\/\/www.deltamoveis.com.br\/site\/produto\/conjunto-refeitorio\/","title":{"rendered":"CONJUNTO REFEIT\u00d3RIO"},"content":{"rendered":"<p><strong>Conjunto refeit\u00f3rio\u00a0<\/strong><\/p>\n<p>Nossa linha de conjunto refeit\u00f3rio, traz <strong>diferentes estilos<\/strong> para sua escola.<\/p>\n<p>Al\u00e9m de belas cores, temos v\u00e1rias formas de deixar seu <strong>ambiente escolar incr\u00edvel.<\/strong><\/p>\n<p>Temos o tampo com borda oval ou retangular infantil, <strong>com 8,12 ou 14 cadeiras;<\/strong><\/p>\n<p>E tampo juvenil e adulto, com <strong>6,10,12 cadeiras\u00a0<\/strong><\/p>\n<p>Al\u00e9m de um estilo \u00fanico para sua escola, voc\u00ea leva<strong> qualidade e durabilidade.<\/strong><\/p>\n<ul>\n<li>Mesa v\u00e1rias cores<\/li>\n<li>Cadeira v\u00e1rias cores<\/li>\n<li>Conforto<\/li>\n<li>Durabilidade<\/li>\n<\/ul>\n<p>&nbsp;<\/p>\n","protected":false},"excerpt":{"rendered":"<p>Conjunto refeit\u00f3rio\u00a0 Nossa linha de conjunto refeit\u00f3rio, traz diferentes estilos para sua escola. Al\u00e9m de belas cores, temos v\u00e1rias formas de deixar seu ambiente escolar incr\u00edvel. Temos o tampo com borda oval ou retangular infantil, com 8,12 ou 14 cadeiras; E tampo juvenil e adulto, com 6,10,12 cadeiras\u00a0 Al\u00e9m de um estilo \u00fanico para sua [&hellip;]<\/p>\n","protected":false},"featured_media":2577,"template":"","meta":{"om_disable_all_campaigns":false},"product_cat":[44,26],"product_tag":[],"class_list":{"0":"post-2449","1":"product","2":"type-product","3":"status-publish","4":"has-post-thumbnail","6":"product_cat-conjunto","7":"product_cat-escolares","9":"first","10":"instock","11":"shipping-taxable","12":"purchasable","13":"product-type-variable"},"acf":[],"aioseo_notices":[],"_links":{"self":[{"href":"https:\/\/www.deltamoveis.com.br\/site\/wp-json\/wp\/v2\/product\/2449","targetHints":{"allow":["GET"]}}],"collection":[{"href":"https:\/\/www.deltamoveis.com.br\/site\/wp-json\/wp\/v2\/product"}],"about":[{"href":"https:\/\/www.deltamoveis.com.br\/site\/wp-json\/wp\/v2\/types\/product"}],"wp:featuredmedia":[{"embeddable":true,"href":"https:\/\/www.deltamoveis.com.br\/site\/wp-json\/wp\/v2\/media\/2577"}],"wp:attachment":[{"href":"https:\/\/www.deltamoveis.com.br\/site\/wp-json\/wp\/v2\/media?parent=2449"}],"wp:term":[{"taxonomy":"product_cat","embeddable":true,"href":"https:\/\/www.deltamoveis.com.br\/site\/wp-json\/wp\/v2\/product_cat?post=2449"},{"taxonomy":"product_tag","embeddable":true,"href":"https:\/\/www.deltamoveis.com.br\/site\/wp-json\/wp\/v2\/product_tag?post=2449"}],"curies":[{"name":"wp","href":"https:\/\/api.w.org\/{rel}","templated":true}]}}