{"id":2441,"date":"2022-12-02T14:32:16","date_gmt":"2022-12-02T17:32:16","guid":{"rendered":"https:\/\/www.deltamoveis.com.br\/site?post_type=product&#038;p=2441"},"modified":"2023-03-14T15:34:16","modified_gmt":"2023-03-14T18:34:16","slug":"conjunto-professor","status":"publish","type":"product","link":"https:\/\/www.deltamoveis.com.br\/site\/produto\/conjunto-professor\/","title":{"rendered":"CONJUNTO PROFESSOR"},"content":{"rendered":"<p><strong>Conjunto professor trap\u00e9zio<\/strong><\/p>\n<p>Nosso conjunto professor trap\u00e9zio, vem com a miss\u00e3o de ser <strong>espa\u00e7oso e compacto<\/strong> para sua sala de aula.<\/p>\n<p>Nas op\u00e7\u00f5es de cores <strong>verde, amarelo, laranja, azul, cinza e vermelho<\/strong> traz toda <strong>comodidade<\/strong> na hora do professor corrigir os exerc\u00edcios.<\/p>\n<p>Com um <strong>tampo largo<\/strong>, podendo acomodar cadernos e objetos como garrafas e afins<\/p>\n<p>Trazemos com ele uma<strong> poltrona<\/strong> com ergonomia produzida para se<strong> ajustar \u00e0 coluna.<\/strong><\/p>\n<p><strong>Inova\u00e7\u00e3o e design,<\/strong> para o bem-estar do usu\u00e1rio<\/p>\n<ul>\n<li>V\u00e1rias cores<\/li>\n<li>Tampo espa\u00e7oso<\/li>\n<li>Poltrona ergon\u00f4mica<\/li>\n<\/ul>\n<p>&nbsp;<\/p>\n","protected":false},"excerpt":{"rendered":"<p>Conjunto professor trap\u00e9zio Nosso conjunto professor trap\u00e9zio, vem com a miss\u00e3o de ser espa\u00e7oso e compacto para sua sala de aula. Nas op\u00e7\u00f5es de cores verde, amarelo, laranja, azul, cinza e vermelho traz toda comodidade na hora do professor corrigir os exerc\u00edcios. Com um tampo largo, podendo acomodar cadernos e objetos como garrafas e afins [&hellip;]<\/p>\n","protected":false},"featured_media":2572,"template":"","meta":{"om_disable_all_campaigns":false},"product_cat":[44,26],"product_tag":[],"class_list":{"0":"post-2441","1":"product","2":"type-product","3":"status-publish","4":"has-post-thumbnail","6":"product_cat-conjunto","7":"product_cat-escolares","9":"first","10":"instock","11":"shipping-taxable","12":"purchasable","13":"product-type-variable"},"acf":[],"aioseo_notices":[],"_links":{"self":[{"href":"https:\/\/www.deltamoveis.com.br\/site\/wp-json\/wp\/v2\/product\/2441","targetHints":{"allow":["GET"]}}],"collection":[{"href":"https:\/\/www.deltamoveis.com.br\/site\/wp-json\/wp\/v2\/product"}],"about":[{"href":"https:\/\/www.deltamoveis.com.br\/site\/wp-json\/wp\/v2\/types\/product"}],"wp:featuredmedia":[{"embeddable":true,"href":"https:\/\/www.deltamoveis.com.br\/site\/wp-json\/wp\/v2\/media\/2572"}],"wp:attachment":[{"href":"https:\/\/www.deltamoveis.com.br\/site\/wp-json\/wp\/v2\/media?parent=2441"}],"wp:term":[{"taxonomy":"product_cat","embeddable":true,"href":"https:\/\/www.deltamoveis.com.br\/site\/wp-json\/wp\/v2\/product_cat?post=2441"},{"taxonomy":"product_tag","embeddable":true,"href":"https:\/\/www.deltamoveis.com.br\/site\/wp-json\/wp\/v2\/product_tag?post=2441"}],"curies":[{"name":"wp","href":"https:\/\/api.w.org\/{rel}","templated":true}]}}