{"id":2427,"date":"2022-12-02T11:37:54","date_gmt":"2022-12-02T14:37:54","guid":{"rendered":"https:\/\/www.deltamoveis.com.br\/site?post_type=product&#038;p=2427"},"modified":"2023-03-14T15:35:10","modified_gmt":"2023-03-14T18:35:10","slug":"guarda-tudo-16-litros","status":"publish","type":"product","link":"https:\/\/www.deltamoveis.com.br\/site\/produto\/guarda-tudo-16-litros\/","title":{"rendered":"GUARDA TUDO 16 LITROS"},"content":{"rendered":"<p><strong>Guarda tudo<\/strong><\/p>\n<p>Apresentamos esse guarda tudo <strong>espetacular<\/strong>, composto por <strong>9<\/strong> <strong>caixas<\/strong> coloridas<\/p>\n<p>de<strong> 16 litros<\/strong>.<\/p>\n<p>Al\u00e9m disso, ele deixa sua sala de<strong> aula organizada,<\/strong> com cores diversificadas podendo <strong>mudar de lugar a qualquer momento<\/strong>.<\/p>\n<p>O guarda tudo pode ser utilizado para <strong>guardar materiais escolares e documentos.<\/strong><\/p>\n<p>Podendo <strong>mover<\/strong> para qualquer lugar, com suas 4 rodinhas.<\/p>\n<p><strong>F\u00e1cil e leve<\/strong> de manusear, auxilia na organiza\u00e7\u00e3o e <strong>decora\u00e7\u00e3o do seu ambiente.<\/strong><\/p>\n<ul>\n<li>V\u00e1rias cores<\/li>\n<li>organizacional<\/li>\n<li>Praticidade<\/li>\n<\/ul>\n<p>&nbsp;<\/p>\n","protected":false},"excerpt":{"rendered":"<p>Guarda tudo Apresentamos esse guarda tudo espetacular, composto por 9 caixas coloridas de 16 litros. Al\u00e9m disso, ele deixa sua sala de aula organizada, com cores diversificadas podendo mudar de lugar a qualquer momento. O guarda tudo pode ser utilizado para guardar materiais escolares e documentos. Podendo mover para qualquer lugar, com suas 4 rodinhas. [&hellip;]<\/p>\n","protected":false},"featured_media":2556,"template":"","meta":{"om_disable_all_campaigns":false},"product_cat":[35],"product_tag":[],"class_list":{"0":"post-2427","1":"product","2":"type-product","3":"status-publish","4":"has-post-thumbnail","6":"product_cat-caixas","8":"first","9":"instock","10":"shipping-taxable","11":"purchasable","12":"product-type-variable"},"acf":[],"aioseo_notices":[],"_links":{"self":[{"href":"https:\/\/www.deltamoveis.com.br\/site\/wp-json\/wp\/v2\/product\/2427","targetHints":{"allow":["GET"]}}],"collection":[{"href":"https:\/\/www.deltamoveis.com.br\/site\/wp-json\/wp\/v2\/product"}],"about":[{"href":"https:\/\/www.deltamoveis.com.br\/site\/wp-json\/wp\/v2\/types\/product"}],"wp:featuredmedia":[{"embeddable":true,"href":"https:\/\/www.deltamoveis.com.br\/site\/wp-json\/wp\/v2\/media\/2556"}],"wp:attachment":[{"href":"https:\/\/www.deltamoveis.com.br\/site\/wp-json\/wp\/v2\/media?parent=2427"}],"wp:term":[{"taxonomy":"product_cat","embeddable":true,"href":"https:\/\/www.deltamoveis.com.br\/site\/wp-json\/wp\/v2\/product_cat?post=2427"},{"taxonomy":"product_tag","embeddable":true,"href":"https:\/\/www.deltamoveis.com.br\/site\/wp-json\/wp\/v2\/product_tag?post=2427"}],"curies":[{"name":"wp","href":"https:\/\/api.w.org\/{rel}","templated":true}]}}