{"id":2402,"date":"2022-12-02T11:24:28","date_gmt":"2022-12-02T14:24:28","guid":{"rendered":"https:\/\/www.deltamoveis.com.br\/site?post_type=product&#038;p=2402"},"modified":"2023-03-14T15:37:44","modified_gmt":"2023-03-14T18:37:44","slug":"pisos-plasticos","status":"publish","type":"product","link":"https:\/\/www.deltamoveis.com.br\/site\/produto\/pisos-plasticos\/","title":{"rendered":"PISOS PL\u00c1STICOS"},"content":{"rendered":"<p><strong>Pisos<\/strong><\/p>\n<p>Imagine um ambiente escolar <strong>com mais cores<\/strong>, nossos pisos foram feitos para deixar seu <strong>ambiente mais alegre e decorados.<\/strong><\/p>\n<p>Com nossas placas 30&#215;30, voc\u00ea monta o espa\u00e7o com <strong>desenhos<\/strong> a sua escolha.<\/p>\n<p>Nossos pisos s\u00e3o<strong> auto drenante<\/strong> e <strong>antiderrapantes<\/strong>, e tem a<strong> prote\u00e7\u00e3o anti-UV<\/strong>, isso ajuda a proteger os pisos para n\u00e3o<strong> desbotar as cores com o tempo.<\/strong><\/p>\n<p>Al\u00e9m disso, \u00e9<strong> f\u00e1cil a montagem e sua desmontagem<\/strong>, podendo mudar sempre os estilos para um novo ambiente.<\/p>\n<p>Nossas placas contam com v\u00e1rias cores, e a<strong> qualidade<\/strong> que s\u00f3 n\u00f3s podemos proporcionar.<\/p>\n<ul>\n<li>V\u00e1rias cores<\/li>\n<li>Auto drenante<\/li>\n<li>Antiderrapante<\/li>\n<li>Anti-UV<\/li>\n<\/ul>\n","protected":false},"excerpt":{"rendered":"<p>Pisos Imagine um ambiente escolar com mais cores, nossos pisos foram feitos para deixar seu ambiente mais alegre e decorados. Com nossas placas 30&#215;30, voc\u00ea monta o espa\u00e7o com desenhos a sua escolha. Nossos pisos s\u00e3o auto drenante e antiderrapantes, e tem a prote\u00e7\u00e3o anti-UV, isso ajuda a proteger os pisos para n\u00e3o desbotar as [&hellip;]<\/p>\n","protected":false},"featured_media":2636,"template":"","meta":{"om_disable_all_campaigns":false},"product_cat":[36],"product_tag":[],"class_list":{"0":"post-2402","1":"product","2":"type-product","3":"status-publish","4":"has-post-thumbnail","6":"product_cat-pisos","8":"first","9":"instock","10":"shipping-taxable","11":"purchasable","12":"product-type-variable"},"acf":[],"aioseo_notices":[],"_links":{"self":[{"href":"https:\/\/www.deltamoveis.com.br\/site\/wp-json\/wp\/v2\/product\/2402","targetHints":{"allow":["GET"]}}],"collection":[{"href":"https:\/\/www.deltamoveis.com.br\/site\/wp-json\/wp\/v2\/product"}],"about":[{"href":"https:\/\/www.deltamoveis.com.br\/site\/wp-json\/wp\/v2\/types\/product"}],"wp:featuredmedia":[{"embeddable":true,"href":"https:\/\/www.deltamoveis.com.br\/site\/wp-json\/wp\/v2\/media\/2636"}],"wp:attachment":[{"href":"https:\/\/www.deltamoveis.com.br\/site\/wp-json\/wp\/v2\/media?parent=2402"}],"wp:term":[{"taxonomy":"product_cat","embeddable":true,"href":"https:\/\/www.deltamoveis.com.br\/site\/wp-json\/wp\/v2\/product_cat?post=2402"},{"taxonomy":"product_tag","embeddable":true,"href":"https:\/\/www.deltamoveis.com.br\/site\/wp-json\/wp\/v2\/product_tag?post=2402"}],"curies":[{"name":"wp","href":"https:\/\/api.w.org\/{rel}","templated":true}]}}