{"id":2395,"date":"2022-12-02T11:10:32","date_gmt":"2022-12-02T14:10:32","guid":{"rendered":"https:\/\/www.deltamoveis.com.br\/site?post_type=product&#038;p=2395"},"modified":"2022-12-05T08:18:53","modified_gmt":"2022-12-05T11:18:53","slug":"lousa-digital","status":"publish","type":"product","link":"https:\/\/www.deltamoveis.com.br\/site\/produto\/lousa-digital\/","title":{"rendered":"LOUSA DIGITAL"},"content":{"rendered":"<p>A lousa interativa Deskboard Touch permite que at\u00e9 quatro usu\u00e1rios escrevam e desenhem simultaneamente. O professor e seus alunos podem escrever, desenhar e mover objetos com toque dos dedos.<\/p>\n<ul>\n<li>Conex\u00e3o por PC por meio de cabo USB ou conex\u00e3o sem fio<\/li>\n<li>Superf\u00edcie em a\u00e7o cer\u00e2mico de alt\u00edssima durabilidade e resist\u00eancia e riscos<\/li>\n<li>Superf\u00edcie de f\u00e1cil limpeza que permite o uso de canetas, pinc\u00e9is e marcadores<\/li>\n<li>Reconhecimento de gestos comumente utilizados em telefones e pelo Windows 7 da Microsoft<\/li>\n<li>Lousa interativa permite vivenciar uma nova realidade no processo de ensino e aprendizagem atrav\u00e9s da interatividade com conte\u00fado digital<\/li>\n<li>Resultados comprovados de melhoria na aten\u00e7\u00e3o dos alunos, diminui\u00e7\u00e3o de falta \u00e0s aulas e reten\u00e7\u00e3o do conhecimento<\/li>\n<li>Dispon\u00edvel nos tamanhos: 48\u2033, 64\u2033, 78\u2033 e 89\u2033<\/li>\n<\/ul>\n","protected":false},"excerpt":{"rendered":"<p>A lousa interativa Deskboard Touch permite que at\u00e9 quatro usu\u00e1rios escrevam e desenhem simultaneamente. O professor e seus alunos podem escrever, desenhar e mover objetos com toque dos dedos. Conex\u00e3o por PC por meio de cabo USB ou conex\u00e3o sem fio Superf\u00edcie em a\u00e7o cer\u00e2mico de alt\u00edssima durabilidade e resist\u00eancia e riscos Superf\u00edcie de f\u00e1cil [&hellip;]<\/p>\n","protected":false},"featured_media":2396,"template":"","meta":{"om_disable_all_campaigns":false},"product_cat":[55],"product_tag":[],"class_list":{"0":"post-2395","1":"product","2":"type-product","3":"status-publish","4":"has-post-thumbnail","6":"product_cat-lousas","8":"first","9":"instock","10":"shipping-taxable","11":"purchasable","12":"product-type-variable"},"acf":[],"aioseo_notices":[],"_links":{"self":[{"href":"https:\/\/www.deltamoveis.com.br\/site\/wp-json\/wp\/v2\/product\/2395","targetHints":{"allow":["GET"]}}],"collection":[{"href":"https:\/\/www.deltamoveis.com.br\/site\/wp-json\/wp\/v2\/product"}],"about":[{"href":"https:\/\/www.deltamoveis.com.br\/site\/wp-json\/wp\/v2\/types\/product"}],"wp:featuredmedia":[{"embeddable":true,"href":"https:\/\/www.deltamoveis.com.br\/site\/wp-json\/wp\/v2\/media\/2396"}],"wp:attachment":[{"href":"https:\/\/www.deltamoveis.com.br\/site\/wp-json\/wp\/v2\/media?parent=2395"}],"wp:term":[{"taxonomy":"product_cat","embeddable":true,"href":"https:\/\/www.deltamoveis.com.br\/site\/wp-json\/wp\/v2\/product_cat?post=2395"},{"taxonomy":"product_tag","embeddable":true,"href":"https:\/\/www.deltamoveis.com.br\/site\/wp-json\/wp\/v2\/product_tag?post=2395"}],"curies":[{"name":"wp","href":"https:\/\/api.w.org\/{rel}","templated":true}]}}