{"id":2368,"date":"2022-12-02T10:34:48","date_gmt":"2022-12-02T13:34:48","guid":{"rendered":"https:\/\/www.deltamoveis.com.br\/site?post_type=product&#038;p=2368"},"modified":"2023-03-14T11:51:10","modified_gmt":"2023-03-14T14:51:10","slug":"caixa-50-litros","status":"publish","type":"product","link":"https:\/\/www.deltamoveis.com.br\/site\/produto\/caixa-50-litros\/","title":{"rendered":"CAIXA 50 LITROS"},"content":{"rendered":"<p><strong>Caixa 50 litros<\/strong><\/p>\n<p>Conhe\u00e7a nossa caixa de<strong> 50 litros<\/strong>, ideal para organizar <strong>seu espa\u00e7o.<\/strong><\/p>\n<p>Ela serve para voc\u00ea organizar seus <strong>documentos, objetos e transportar seu material.<\/strong><\/p>\n<p>Ela \u00e9 conveniente para<strong> todas as horas<\/strong>, al\u00e9m de possuir a tampa de<strong> seguran\u00e7a.<\/strong><\/p>\n<p><strong>Espa\u00e7osa<\/strong>, e com a durabilidade que voc\u00ea procura;<\/p>\n<p>Com v\u00e1rias <strong>cores<\/strong> para voc\u00ea escolher e com a <strong>qualidade<\/strong> que s\u00f3 n\u00f3s podemos oferecer.<\/p>\n<ul>\n<li>\u00a0Tampa de seguran\u00e7a<\/li>\n<li>V\u00e1rias cores<\/li>\n<li>Espa\u00e7osa<\/li>\n<li>Dur\u00e1vel<\/li>\n<\/ul>\n","protected":false},"excerpt":{"rendered":"<p>Caixa 50 litros Conhe\u00e7a nossa caixa de 50 litros, ideal para organizar seu espa\u00e7o. Ela serve para voc\u00ea organizar seus documentos, objetos e transportar seu material. Ela \u00e9 conveniente para todas as horas, al\u00e9m de possuir a tampa de seguran\u00e7a. Espa\u00e7osa, e com a durabilidade que voc\u00ea procura; Com v\u00e1rias cores para voc\u00ea escolher e [&hellip;]<\/p>\n","protected":false},"featured_media":2369,"template":"","meta":{"om_disable_all_campaigns":false},"product_cat":[35],"product_tag":[],"class_list":{"0":"post-2368","1":"product","2":"type-product","3":"status-publish","4":"has-post-thumbnail","6":"product_cat-caixas","8":"first","9":"instock","10":"shipping-taxable","11":"purchasable","12":"product-type-variable"},"acf":[],"aioseo_notices":[],"_links":{"self":[{"href":"https:\/\/www.deltamoveis.com.br\/site\/wp-json\/wp\/v2\/product\/2368","targetHints":{"allow":["GET"]}}],"collection":[{"href":"https:\/\/www.deltamoveis.com.br\/site\/wp-json\/wp\/v2\/product"}],"about":[{"href":"https:\/\/www.deltamoveis.com.br\/site\/wp-json\/wp\/v2\/types\/product"}],"wp:featuredmedia":[{"embeddable":true,"href":"https:\/\/www.deltamoveis.com.br\/site\/wp-json\/wp\/v2\/media\/2369"}],"wp:attachment":[{"href":"https:\/\/www.deltamoveis.com.br\/site\/wp-json\/wp\/v2\/media?parent=2368"}],"wp:term":[{"taxonomy":"product_cat","embeddable":true,"href":"https:\/\/www.deltamoveis.com.br\/site\/wp-json\/wp\/v2\/product_cat?post=2368"},{"taxonomy":"product_tag","embeddable":true,"href":"https:\/\/www.deltamoveis.com.br\/site\/wp-json\/wp\/v2\/product_tag?post=2368"}],"curies":[{"name":"wp","href":"https:\/\/api.w.org\/{rel}","templated":true}]}}