{"id":2332,"date":"2022-12-01T15:50:05","date_gmt":"2022-12-01T18:50:05","guid":{"rendered":"https:\/\/www.deltamoveis.com.br\/site?post_type=product&#038;p=2332"},"modified":"2023-03-14T15:32:28","modified_gmt":"2023-03-14T18:32:28","slug":"caixa-18-litros","status":"publish","type":"product","link":"https:\/\/www.deltamoveis.com.br\/site\/produto\/caixa-18-litros\/","title":{"rendered":"CAIXA 18 LITROS"},"content":{"rendered":"<p><strong>Caixa 18 litros<\/strong><\/p>\n<p>Nossas caixas de 18 litros foram pensadas para dar mais <strong>espa\u00e7o e organiza\u00e7\u00e3o ao seu ambiente.<\/strong><\/p>\n<p>Com suas<strong> cores variadas<\/strong>, ela deixa o ambiente decorado a sua ideia.<\/p>\n<p>Al\u00e9m de muito<strong> dur\u00e1veis<\/strong>, \u00e9 \u00f3tima para guardar <strong>documentos e objetos em sala de aula<\/strong><\/p>\n<ul>\n<li>V\u00e1rias cores<\/li>\n<li>Organizacional<\/li>\n<li>Durabilidade<\/li>\n<\/ul>\n","protected":false},"excerpt":{"rendered":"<p>Caixa 18 litros Nossas caixas de 18 litros foram pensadas para dar mais espa\u00e7o e organiza\u00e7\u00e3o ao seu ambiente. Com suas cores variadas, ela deixa o ambiente decorado a sua ideia. Al\u00e9m de muito dur\u00e1veis, \u00e9 \u00f3tima para guardar documentos e objetos em sala de aula V\u00e1rias cores Organizacional Durabilidade<\/p>\n","protected":false},"featured_media":2388,"template":"","meta":{"om_disable_all_campaigns":false},"product_cat":[35],"product_tag":[],"class_list":{"0":"post-2332","1":"product","2":"type-product","3":"status-publish","4":"has-post-thumbnail","6":"product_cat-caixas","8":"first","9":"instock","10":"shipping-taxable","11":"purchasable","12":"product-type-variable"},"acf":[],"aioseo_notices":[],"_links":{"self":[{"href":"https:\/\/www.deltamoveis.com.br\/site\/wp-json\/wp\/v2\/product\/2332","targetHints":{"allow":["GET"]}}],"collection":[{"href":"https:\/\/www.deltamoveis.com.br\/site\/wp-json\/wp\/v2\/product"}],"about":[{"href":"https:\/\/www.deltamoveis.com.br\/site\/wp-json\/wp\/v2\/types\/product"}],"wp:featuredmedia":[{"embeddable":true,"href":"https:\/\/www.deltamoveis.com.br\/site\/wp-json\/wp\/v2\/media\/2388"}],"wp:attachment":[{"href":"https:\/\/www.deltamoveis.com.br\/site\/wp-json\/wp\/v2\/media?parent=2332"}],"wp:term":[{"taxonomy":"product_cat","embeddable":true,"href":"https:\/\/www.deltamoveis.com.br\/site\/wp-json\/wp\/v2\/product_cat?post=2332"},{"taxonomy":"product_tag","embeddable":true,"href":"https:\/\/www.deltamoveis.com.br\/site\/wp-json\/wp\/v2\/product_tag?post=2332"}],"curies":[{"name":"wp","href":"https:\/\/api.w.org\/{rel}","templated":true}]}}