{"id":2283,"date":"2022-12-01T09:48:47","date_gmt":"2022-12-01T12:48:47","guid":{"rendered":"https:\/\/www.deltamoveis.com.br\/site?post_type=product&#038;p=2283"},"modified":"2023-06-01T10:28:09","modified_gmt":"2023-06-01T13:28:09","slug":"assento-desk-ar","status":"publish","type":"product","link":"https:\/\/www.deltamoveis.com.br\/site\/produto\/assento-desk-ar\/","title":{"rendered":"ASSENTO DESK AR"},"content":{"rendered":"<p>Assento rebat\u00edvel por gravidade, com ou sem apoio para bra\u00e7os, com ou sem estofamento, para serem instalados nos espelhos das arquibancada, ou nos pisos atrav\u00e9s de suportes met\u00e1licos.<\/p>\n<ul>\n<li>Assento dentro dos padr\u00f5es FIFA e certificado<\/li>\n<li>Usado no Est\u00e1dio Nacional de Bras\u00edlia Man\u00e9 Garrincha para a Copa das Confedera\u00e7\u00f5es e COPA DO MUNDO DE 2014<\/li>\n<li>Todos os nossos assentos podem ser fabricados obedecendo a Norma de acessibilidade ABNT NBR 9050, para pessoas obesas<\/li>\n<\/ul>\n<p>&nbsp;<\/p>\n","protected":false},"excerpt":{"rendered":"<p>Assento rebat\u00edvel por gravidade, com ou sem apoio para bra\u00e7os, com ou sem estofamento, para serem instalados nos espelhos das arquibancada, ou nos pisos atrav\u00e9s de suportes met\u00e1licos. Assento dentro dos padr\u00f5es FIFA e certificado Usado no Est\u00e1dio Nacional de Bras\u00edlia Man\u00e9 Garrincha para a Copa das Confedera\u00e7\u00f5es e COPA DO MUNDO DE 2014 Todos [&hellip;]<\/p>\n","protected":false},"featured_media":2290,"template":"","meta":{"om_disable_all_campaigns":false},"product_cat":[54,37],"product_tag":[],"class_list":{"0":"post-2283","1":"product","2":"type-product","3":"status-publish","4":"has-post-thumbnail","6":"product_cat-assentos","7":"product_cat-esportivos","9":"first","10":"instock","11":"shipping-taxable","12":"purchasable","13":"product-type-variable"},"acf":[],"aioseo_notices":[],"_links":{"self":[{"href":"https:\/\/www.deltamoveis.com.br\/site\/wp-json\/wp\/v2\/product\/2283","targetHints":{"allow":["GET"]}}],"collection":[{"href":"https:\/\/www.deltamoveis.com.br\/site\/wp-json\/wp\/v2\/product"}],"about":[{"href":"https:\/\/www.deltamoveis.com.br\/site\/wp-json\/wp\/v2\/types\/product"}],"wp:featuredmedia":[{"embeddable":true,"href":"https:\/\/www.deltamoveis.com.br\/site\/wp-json\/wp\/v2\/media\/2290"}],"wp:attachment":[{"href":"https:\/\/www.deltamoveis.com.br\/site\/wp-json\/wp\/v2\/media?parent=2283"}],"wp:term":[{"taxonomy":"product_cat","embeddable":true,"href":"https:\/\/www.deltamoveis.com.br\/site\/wp-json\/wp\/v2\/product_cat?post=2283"},{"taxonomy":"product_tag","embeddable":true,"href":"https:\/\/www.deltamoveis.com.br\/site\/wp-json\/wp\/v2\/product_tag?post=2283"}],"curies":[{"name":"wp","href":"https:\/\/api.w.org\/{rel}","templated":true}]}}