{"id":2277,"date":"2022-12-01T09:36:23","date_gmt":"2022-12-01T12:36:23","guid":{"rendered":"https:\/\/www.deltamoveis.com.br\/site?post_type=product&#038;p=2277"},"modified":"2023-06-01T10:28:09","modified_gmt":"2023-06-01T13:28:09","slug":"assento-esportivo-de-se","status":"publish","type":"product","link":"https:\/\/www.deltamoveis.com.br\/site\/produto\/assento-esportivo-de-se\/","title":{"rendered":"ASSENTO ESPORTIVO DESK SE"},"content":{"rendered":"<p>ASSENTO DESPORTIVO SEM ENCOSTO<\/p>\n<ul>\n<li>Assento desportivo sem encosto em ABS<\/li>\n<li>Assento em v\u00e1rias\u00a0 cores<\/li>\n<li>Design leve e atual<\/li>\n<li>Para est\u00e1dios e gin\u00e1sios<\/li>\n<li>Seguran\u00e7a e qualidade<\/li>\n<\/ul>\n","protected":false},"excerpt":{"rendered":"<p>ASSENTO DESPORTIVO SEM ENCOSTO Assento desportivo sem encosto em ABS Assento em v\u00e1rias\u00a0 cores Design leve e atual Para est\u00e1dios e gin\u00e1sios Seguran\u00e7a e qualidade<\/p>\n","protected":false},"featured_media":2264,"template":"","meta":{"om_disable_all_campaigns":false},"product_cat":[54,37],"product_tag":[],"class_list":{"0":"post-2277","1":"product","2":"type-product","3":"status-publish","4":"has-post-thumbnail","6":"product_cat-assentos","7":"product_cat-esportivos","9":"first","10":"instock","11":"shipping-taxable","12":"purchasable","13":"product-type-variable"},"acf":[],"aioseo_notices":[],"_links":{"self":[{"href":"https:\/\/www.deltamoveis.com.br\/site\/wp-json\/wp\/v2\/product\/2277","targetHints":{"allow":["GET"]}}],"collection":[{"href":"https:\/\/www.deltamoveis.com.br\/site\/wp-json\/wp\/v2\/product"}],"about":[{"href":"https:\/\/www.deltamoveis.com.br\/site\/wp-json\/wp\/v2\/types\/product"}],"wp:featuredmedia":[{"embeddable":true,"href":"https:\/\/www.deltamoveis.com.br\/site\/wp-json\/wp\/v2\/media\/2264"}],"wp:attachment":[{"href":"https:\/\/www.deltamoveis.com.br\/site\/wp-json\/wp\/v2\/media?parent=2277"}],"wp:term":[{"taxonomy":"product_cat","embeddable":true,"href":"https:\/\/www.deltamoveis.com.br\/site\/wp-json\/wp\/v2\/product_cat?post=2277"},{"taxonomy":"product_tag","embeddable":true,"href":"https:\/\/www.deltamoveis.com.br\/site\/wp-json\/wp\/v2\/product_tag?post=2277"}],"curies":[{"name":"wp","href":"https:\/\/api.w.org\/{rel}","templated":true}]}}